{"id":836,"date":"2023-03-10T11:17:03","date_gmt":"2023-03-10T11:17:03","guid":{"rendered":"https:\/\/www.sixt.at\/magazine\/?page_id=836"},"modified":"2025-10-17T13:11:31","modified_gmt":"2025-10-17T13:11:31","slug":"sixt-services","status":"publish","type":"page","link":"https:\/\/www.sixt.at\/magazine\/sixt-services\/","title":{"rendered":"SIXT Services"},"content":{"rendered":"\n<figure class=\"wp-block-image\"><img decoding=\"async\" data-src=\"https:\/\/www.sixt.de\/magazine\/wp-content\/uploads\/\/sites\/2\/2023\/02\/Facebook-Crop-56567603_22-1024x536.jpg\" alt=\"\" class=\"wp-image-10491 lazyload\" src=\"data:image\/svg+xml;base64,PHN2ZyB3aWR0aD0iMSIgaGVpZ2h0PSIxIiB4bWxucz0iaHR0cDovL3d3dy53My5vcmcvMjAwMC9zdmciPjwvc3ZnPg==\" style=\"--smush-placeholder-width: 1024px; --smush-placeholder-aspect-ratio: 1024\/536;\" \/><\/figure>\n\n\n\n<p>Wir sind die SIXT Autovermietung und uns gibt es schon viel l\u00e4nger, als ihr euch vorstellen k\u00f6nnt. Dadurch bringen wir die n\u00f6tige Erfahrung mit und wissen, was ihr von uns erwartet und wie wir euch mobil machen. Ihr findet uns an mehr als 2.200 Standorten in \u00fcber 105 L\u00e4ndern weltweit. Als Marktf\u00fchrer der Autovermietungsbranche entwickeln wir uns stetig weiter und sind in den letzten Jahren zu einem echten Mobilit\u00e4ts-Allrounder geworden. Moderne Mietwagen von g\u00fcnstig bis luxuri\u00f6s, eine Auswahl diverser Fahrzeugkategorien sowie viele Extras, haben wir f\u00fcr euch im Angebot. &nbsp;<\/p>\n\n\n\n<p>Ihr k\u00f6nnt auch unseren Carsharingdienst SIXT share nutzen oder euch mit SIXT ride ein Taxi rufen. Wenn ihr f\u00fcr einen l\u00e4ngeren Zeitraum ein Auto fahren wollt, dann ist das SIXT+ Auto Abo perfekt f\u00fcr euch. F\u00fcr einen Umzug oder Transport bucht ihr bei SIXT einfach einen Lkw oder Transporter in der passenden Fahrzeuggr\u00f6\u00dfe. Die SIXT App auf eurem Smartphone ist dabei der einfachste Weg, um unsere verschiedenen Dienste zu nutzen. Wir sind sehr stolz, dass wir uns immer weiter zu der Mobilit\u00e4tsplattform entwickeln, die euch jederzeit und \u00fcberall zuverl\u00e4ssig ans Ziel begleitet. Wie ihr seht, wir sind viel mehr als nur eine Autovermietung mit auff\u00e4lliger, manchmal provokanter Werbung. Wir sind SIXT, euer Mobilit\u00e4tspartner und treuer Begleiter rund um die Welt! &nbsp;&nbsp;<\/p>\n\n\n\n<p>Nicht alle Services bieten wir auch in \u00d6sterreich an. SIXTshare ist z.B. nur in Deutschland und den Niederlanden verf\u00fcgbar.<\/p>\n\n\n\n<figure class=\"wp-block-image\"><img decoding=\"async\" data-src=\"https:\/\/www.sixt.de\/magazine\/wp-content\/uploads\/\/sites\/2\/2023\/02\/Facebook-Crop-KS_Sixt_100419_-5210-1024x536.jpg\" alt=\"\" class=\"wp-image-10487 lazyload\" src=\"data:image\/svg+xml;base64,PHN2ZyB3aWR0aD0iMSIgaGVpZ2h0PSIxIiB4bWxucz0iaHR0cDovL3d3dy53My5vcmcvMjAwMC9zdmciPjwvc3ZnPg==\" style=\"--smush-placeholder-width: 1024px; --smush-placeholder-aspect-ratio: 1024\/536;\" \/><\/figure>\n\n\n\n<h2 class=\"wp-block-heading has-text-align-center\"><a href=\"https:\/\/www.sixt.de\/#\/\" target=\"_blank\" rel=\"noreferrer noopener\">SIXT RENT<\/a>&nbsp;<\/h2>\n\n\n\n<p>Wir bei SIXT bieten euch viele unterschiedliche Services an, doch der Kern unseres Unternehmens ist die Autovermietung. So haben wir einst vor \u00fcber 100 Jahren begonnen und so kennt ihr uns. Mit \u00fcber 2.200 SIXT Stationen in rund 105 L\u00e4ndern findet ihr an nahezu jedem Reiseziel eine SIXT Autovermietung. Ihr habt die Wahl und k\u00f6nnt alle Mietwagenkategorien von g\u00fcnstigen Mietwagen bis hin zu luxuri\u00f6sen Premiumfahrzeugen buchen. Was auch immer der Anlass eurer Anmietung ist, wir haben bestimmt das passende Auto f\u00fcr euch. Ob umweltfreundliches Elektroauto, komfortabler Familienvan, robuster SUV, schicke Limousine oder sparsamer Kleinwagen: In der umfangreichen SIXT Mietwagenflotte findet ihr sicher euer Traumauto. &nbsp;<\/p>\n\n\n\n<figure class=\"wp-block-image\"><img decoding=\"async\" data-src=\"https:\/\/www.sixt.de\/magazine\/wp-content\/uploads\/\/sites\/2\/2023\/02\/Facebook-Crop-Share-DE-February-2022-136-van-157-1024x536.jpg\" alt=\"\" class=\"wp-image-10488 lazyload\" src=\"data:image\/svg+xml;base64,PHN2ZyB3aWR0aD0iMSIgaGVpZ2h0PSIxIiB4bWxucz0iaHR0cDovL3d3dy53My5vcmcvMjAwMC9zdmciPjwvc3ZnPg==\" style=\"--smush-placeholder-width: 1024px; --smush-placeholder-aspect-ratio: 1024\/536;\" \/><\/figure>\n\n\n\n<h2 class=\"wp-block-heading has-text-align-center\"><a href=\"https:\/\/www.sixt.de\/share\/#\/\" target=\"_blank\" rel=\"noreferrer noopener\">SIXT SHARE<\/a>&nbsp;<\/h2>\n\n\n\n<p>SIXT share ist unser Carsharingservice in Berlin, Hamburg und M\u00fcnchen. In diesen St\u00e4dten k\u00f6nnt ihr einfach mit der SIXT App ein verf\u00fcgbares Carsharingauto in der N\u00e4he finden, reservieren und auch \u00f6ffnen. Ihr bezahlt nur den g\u00fcnstigen Mietpreis ab 9 Cent\/Minute und k\u00f6nnt fahren, wohin ihr wollt. Die R\u00fcckgabe erfolgt genauso einfach durch das Parken im Gesch\u00e4ftsgebiet oder an jeder SIXT Station deutschlandweit. Doch mit SIXT share findet ihr nicht nur moderne Carsharingautos, sondern k\u00f6nnt auch E-Scooter, E-Roller oder Fahrr\u00e4der mieten. \u00d6ffnet am besten gleich die SIXT App und findet heraus, welche Fahrzeuge ihr in eurer N\u00e4he mit SIXT share nutzen k\u00f6nnt. So einfach geht Carsharing mit SIXT!&nbsp;<\/p>\n\n\n\n<figure class=\"wp-block-image\"><img decoding=\"async\" data-src=\"https:\/\/www.sixt.de\/magazine\/wp-content\/uploads\/\/sites\/2\/2023\/02\/sixtplus.jpg\" alt=\"\" class=\"wp-image-10501 lazyload\" src=\"data:image\/svg+xml;base64,PHN2ZyB3aWR0aD0iMSIgaGVpZ2h0PSIxIiB4bWxucz0iaHR0cDovL3d3dy53My5vcmcvMjAwMC9zdmciPjwvc3ZnPg==\" \/><\/figure>\n\n\n\n<h2 class=\"wp-block-heading has-text-align-center\"><a href=\"https:\/\/www.sixt.de\/plus\/\" target=\"_blank\" rel=\"noreferrer noopener\">SIXT+ Auto Abo<\/a><\/h2>\n\n\n\n<p>Das SIXT+ Auto Abo ist deine flexible Alternative zum Autokauf oder klassischen Leasing. F\u00fcr eine monatliche Pauschale f\u00e4hrst Du&nbsp;ein frisches Auto.&nbsp;Welche Klasse, das entscheidest du.Die Mindestlaufzeit betr\u00e4gt nur einen Monat. Alternativ kannst Du ein Abo \u00fcber 6 oder 12 Monate zum besonders g\u00fcnstigen Preis nutzen. Wenn Du dein Gef\u00e4hrt l\u00e4nger nutzen m\u00f6chtest, musst Du nichts weiter unternehmen. Das Abo verl\u00e4ngert sich automatisch um einen Monat. Das Tolle am SIXT+ Auto Abo: &nbsp;Alle Extras sind schon im Festpreis drin. Du musst nur tanken. Also fahr solange Du willst \u2013 ohne langfristige Bindung und bei maximaler Flexibilit\u00e4t.&nbsp;<\/p>\n\n\n\n<figure class=\"wp-block-image\"><img decoding=\"async\" data-src=\"https:\/\/www.sixt.de\/magazine\/wp-content\/uploads\/\/sites\/2\/2023\/02\/Facebook-Crop-Share-DE-February-2022-58-van-157-1024x536.jpg\" alt=\"\" class=\"wp-image-10483 lazyload\" src=\"data:image\/svg+xml;base64,PHN2ZyB3aWR0aD0iMSIgaGVpZ2h0PSIxIiB4bWxucz0iaHR0cDovL3d3dy53My5vcmcvMjAwMC9zdmciPjwvc3ZnPg==\" style=\"--smush-placeholder-width: 1024px; --smush-placeholder-aspect-ratio: 1024\/536;\" \/><\/figure>\n\n\n\n<h2 class=\"wp-block-heading has-text-align-center\"><a href=\"https:\/\/www.sixt.de\/ride\/\" target=\"_blank\" rel=\"noreferrer noopener\">SIXT RIDE<\/a><\/h2>\n\n\n\n<p>Unsere Mietwagen sind zwar \u00fcberall auf der Welt verf\u00fcgbar, aber nicht immer&nbsp;willst du selbst fahren. Hier kommt SIXT ride ins Spiel. Unser Taxi- und Limousinenservice richtet sich an alle Kund:innen, die einen Fahrer w\u00fcnschen, um ans Ziel zu kommen. Mit der SIXT App kannst Du mit nur wenigen Klicks&nbsp;eine Limousine oder Taxi rufen. Buchung und Abrechnung erfolgen transparent \u00fcber die App. &nbsp;Weltweit bringen dich \u00fcber eine Million Fahrer sicher und komfortabel ans Ziel. Wenn Du uns Deine Flugnummer mitteilst, wirst du bereits in der Empfangshalle abgeholt. Die Fahrzeugklasse bestimmst Du bereits bei der Buchung.<\/p>\n\n\n\n<figure class=\"wp-block-image\"><img decoding=\"async\" data-src=\"https:\/\/www.sixt.de\/magazine\/wp-content\/uploads\/\/sites\/2\/2023\/02\/Facebook-Crop-20180930_Sixt_mydriver_AE_05_small-1024x536.jpg\" alt=\"\" class=\"wp-image-10485 lazyload\" src=\"data:image\/svg+xml;base64,PHN2ZyB3aWR0aD0iMSIgaGVpZ2h0PSIxIiB4bWxucz0iaHR0cDovL3d3dy53My5vcmcvMjAwMC9zdmciPjwvc3ZnPg==\" style=\"--smush-placeholder-width: 1024px; --smush-placeholder-aspect-ratio: 1024\/536;\" \/><\/figure>\n\n\n\n<h2 class=\"wp-block-heading has-text-align-center\"><a href=\"https:\/\/www.sixt.at\/business\/?utm_source=sixt.at&amp;utm_medium=seolp&amp;utm_campaign=AT_AT_btob_magazine-sixt-services-RT_ALL_GT_GER&amp;utm_content=text-link\" target=\"_blank\" rel=\"noreferrer noopener\">SIXT B2B<\/a><\/h2>\n\n\n\n<p>Ein Account \u2013 alles drin: exklusive Firmenkonditionen, individuelle Mobilit\u00e4tsberatung, exklusive B2B-Produkte und -Services sowie eine zuverl\u00e4ssige Betreuung. SIXT liebt seine Gesch\u00e4ftskund:innen. Unser Ziel ist es, Dir genau die Mobilit\u00e4t zu geben, die Du ben\u00f6tigst. Transparenz und faire Konditionen sind f\u00fcr uns selbstverst\u00e4ndlich. Wir binden Dir keinen Fuhrpark ans Bein, der unn\u00f6tig Firmenparkpl\u00e4tze belegt. Ob das SIXT+Auto Abo unlimited, die Kurz- oder Langzeitmiete f\u00fcr Nutzfahrzeuge, SIXT rent, SIXT share, SIXT ride: Unser gesamtes Portfolio an Services steht Dir als Gesch\u00e4ftskunde zur Verf\u00fcgung. Wir beraten, Du entscheidest. \u00a0<br>\u00a0<\/p>\n\n\n\n<figure class=\"wp-block-image\"><img decoding=\"async\" data-src=\"https:\/\/www.sixt.de\/magazine\/wp-content\/uploads\/\/sites\/2\/2023\/02\/Mercedes_Benz_Sprinter_lang_2018_ohne_BG_mit-Logo.jpg\" alt=\"\" class=\"wp-image-10492 lazyload\" src=\"data:image\/svg+xml;base64,PHN2ZyB3aWR0aD0iMSIgaGVpZ2h0PSIxIiB4bWxucz0iaHR0cDovL3d3dy53My5vcmcvMjAwMC9zdmciPjwvc3ZnPg==\" \/><\/figure>\n\n\n\n<h2 class=\"wp-block-heading has-text-align-center\"><a href=\"https:\/\/www.sixt.de\/lkw\/#\/\" target=\"_blank\" rel=\"noreferrer noopener\">SIXT NUTZFAHRZEUGE<\/a><\/h2>\n\n\n\n<p>Vom Kleintransporter bis zum 12-Tonner: Mit SIXT mietest Du genau das Fahrzeug (Transporter oder LKW), der Deinen Anforderungen entspricht. Bei der Dauer sind Dir keine Grenzen gesetzt. Je nach Bedarf mietest Du unsere Trucks und Transporter tage-, wochen- oder monatsweise. Nat\u00fcrlich kannst Du auch von Stadt zu Stadt fahren und das Fahrzeug am Zielort abgeben. Wir legen Wert auf Qualit\u00e4t: Unsere Fahrzeuge sind top gepflegt und immer auf dem neuesten Stand. Du bist dir unsicher, welche Gr\u00f6\u00dfe Du ben\u00f6tigst oder mit Deinem F\u00fchrerschein gefahren werden darf? Unsere geschulten Mitarbeiter in den Stationen helfen Dir gerne weiter. Ob bei dem klassischen Umzug oder am Filmset: Unsere Nutzfahrzeuge machen immer eine gute Figur. N\u00fctzliche Extras wie Spanngurte und Decken kannst Du kosteng\u00fcnstig hinzubuchen.&nbsp;<\/p>\n\n\n\n<figure class=\"wp-block-image\"><img decoding=\"async\" data-src=\"https:\/\/www.sixt.de\/magazine\/wp-content\/uploads\/\/sites\/2\/2023\/02\/sixt-app.jpg\" alt=\"\" class=\"wp-image-10498 lazyload\" src=\"data:image\/svg+xml;base64,PHN2ZyB3aWR0aD0iMSIgaGVpZ2h0PSIxIiB4bWxucz0iaHR0cDovL3d3dy53My5vcmcvMjAwMC9zdmciPjwvc3ZnPg==\" \/><\/figure>\n\n\n\n<h2 class=\"wp-block-heading has-text-align-center\"><a href=\"https:\/\/www.sixt.de\/app\/#\/\" target=\"_blank\" rel=\"noreferrer noopener\">SIXT APP<\/a>&nbsp;<\/h2>\n\n\n\n<p>Die SIXT App ist euer st\u00e4ndiger Begleiter in der Hosentasche. Einmal auf dem Smartphone installiert, k\u00f6nnt ihr weltweit auf unsere Services zugreifen. Damit ist die SIXT App die Mobilit\u00e4tsl\u00f6sung f\u00fcr alle, die gerne selbst fahren oder sich fahren lassen m\u00f6chten. Denn neben Autovermietung und Carsharing bietet die App auch einen Taxiservice an, nat\u00fcrlich bargeldlos. Somit seid ihr immer und \u00fcberall mobil, k\u00f6nnt auch E-Scooter, E-Roller und Fahrr\u00e4der spontan mieten und kommt so jederzeit an euer Ziel. Ihr m\u00fcsst euch nur ein Mal registrieren und braucht keine zus\u00e4tzlichen Apps. Eure Buchungen k\u00f6nnt ihr in der SIXT App verwalten sowie an vielen SIXT Stationen sogar den Mietwagen selbst aussuchen. Na, wie klingt das?<\/p>\n\n\n\n<figure class=\"wp-block-image\"><img decoding=\"async\" data-src=\"https:\/\/www.sixt.de\/magazine\/wp-content\/uploads\/\/sites\/2\/2023\/02\/Facebook-Crop-_BF_3118-1024x536.jpg\" alt=\"\" class=\"wp-image-10484 lazyload\" src=\"data:image\/svg+xml;base64,PHN2ZyB3aWR0aD0iMSIgaGVpZ2h0PSIxIiB4bWxucz0iaHR0cDovL3d3dy53My5vcmcvMjAwMC9zdmciPjwvc3ZnPg==\" style=\"--smush-placeholder-width: 1024px; --smush-placeholder-aspect-ratio: 1024\/536;\" \/><\/figure>\n<!-- AddThis Advanced Settings generic via filter on the_content --><!-- AddThis Share Buttons generic via filter on the_content -->","protected":false},"excerpt":{"rendered":"<p>Wir sind die SIXT Autovermietung und uns gibt es schon viel l\u00e4nger, als ihr euch vorstellen k\u00f6nnt. Dadurch bringen wir die n\u00f6tige Erfahrung mit und wissen, was ihr von uns erwartet und wie wir euch mobil machen. Ihr findet uns an mehr als 2.200 Standorten in \u00fcber 105 L\u00e4ndern weltweit. Als Marktf\u00fchrer der Autovermietungsbranche entwickeln&#8230;<!-- AddThis Advanced Settings generic via filter on get_the_excerpt --><!-- AddThis Share Buttons generic via filter on get_the_excerpt --><\/p>\n","protected":false},"author":22,"featured_media":0,"parent":0,"menu_order":0,"comment_status":"closed","ping_status":"closed","template":"","meta":{"_genesis_hide_title":false,"_genesis_hide_breadcrumbs":false,"_genesis_hide_singular_image":false,"_genesis_hide_footer_widgets":false,"_genesis_custom_body_class":"","_genesis_custom_post_class":"","_genesis_layout":"","ngg_post_thumbnail":0,"footnotes":""},"class_list":{"0":"post-836","1":"page","2":"type-page","3":"status-publish","5":"entry"},"yoast_head":"<!-- This site is optimized with the Yoast SEO plugin v27.1.1 - https:\/\/yoast.com\/product\/yoast-seo-wordpress\/ -->\n<title>SIXT Services - Sixt Magazin<\/title>\n<meta name=\"robots\" content=\"index, follow, max-snippet:-1, max-image-preview:large, max-video-preview:-1\" \/>\n<link rel=\"canonical\" href=\"https:\/\/www.sixt.at\/magazine\/sixt-services\/\" \/>\n<meta property=\"og:locale\" content=\"de_DE\" \/>\n<meta property=\"og:type\" content=\"article\" \/>\n<meta property=\"og:title\" content=\"SIXT Services - Sixt Magazin\" \/>\n<meta property=\"og:description\" content=\"Wir sind die SIXT Autovermietung und uns gibt es schon viel l\u00e4nger, als ihr euch vorstellen k\u00f6nnt. Dadurch bringen wir die n\u00f6tige Erfahrung mit und wissen, was ihr von uns erwartet und wie wir euch mobil machen. Ihr findet uns an mehr als 2.200 Standorten in \u00fcber 105 L\u00e4ndern weltweit. Als Marktf\u00fchrer der Autovermietungsbranche entwickeln...\" \/>\n<meta property=\"og:url\" content=\"https:\/\/www.sixt.at\/magazine\/sixt-services\/\" \/>\n<meta property=\"og:site_name\" content=\"Sixt Magazin\" \/>\n<meta property=\"article:modified_time\" content=\"2025-10-17T13:11:31+00:00\" \/>\n<meta name=\"twitter:card\" content=\"summary_large_image\" \/>\n<meta name=\"twitter:label1\" content=\"Gesch\u00e4tzte Lesezeit\" \/>\n\t<meta name=\"twitter:data1\" content=\"8 Minuten\" \/>\n<!-- \/ Yoast SEO plugin. -->","yoast_head_json":{"title":"SIXT Services - Sixt Magazin","robots":{"index":"index","follow":"follow","max-snippet":"max-snippet:-1","max-image-preview":"max-image-preview:large","max-video-preview":"max-video-preview:-1"},"canonical":"https:\/\/www.sixt.at\/magazine\/sixt-services\/","og_locale":"de_DE","og_type":"article","og_title":"SIXT Services - Sixt Magazin","og_description":"Wir sind die SIXT Autovermietung und uns gibt es schon viel l\u00e4nger, als ihr euch vorstellen k\u00f6nnt. Dadurch bringen wir die n\u00f6tige Erfahrung mit und wissen, was ihr von uns erwartet und wie wir euch mobil machen. Ihr findet uns an mehr als 2.200 Standorten in \u00fcber 105 L\u00e4ndern weltweit. Als Marktf\u00fchrer der Autovermietungsbranche entwickeln...","og_url":"https:\/\/www.sixt.at\/magazine\/sixt-services\/","og_site_name":"Sixt Magazin","article_modified_time":"2025-10-17T13:11:31+00:00","twitter_card":"summary_large_image","twitter_misc":{"Gesch\u00e4tzte Lesezeit":"8 Minuten"},"schema":{"@context":"https:\/\/schema.org","@graph":[{"@type":"WebPage","@id":"https:\/\/www.sixt.at\/magazine\/sixt-services\/","url":"https:\/\/www.sixt.at\/magazine\/sixt-services\/","name":"SIXT Services - Sixt Magazin","isPartOf":{"@id":"https:\/\/www.sixt.at\/magazine\/#website"},"primaryImageOfPage":{"@id":"https:\/\/www.sixt.at\/magazine\/sixt-services\/#primaryimage"},"image":{"@id":"https:\/\/www.sixt.at\/magazine\/sixt-services\/#primaryimage"},"thumbnailUrl":"https:\/\/www.sixt.de\/magazine\/wp-content\/uploads\/\/sites\/2\/2023\/02\/Facebook-Crop-56567603_22-1024x536.jpg","datePublished":"2023-03-10T11:17:03+00:00","dateModified":"2025-10-17T13:11:31+00:00","breadcrumb":{"@id":"https:\/\/www.sixt.at\/magazine\/sixt-services\/#breadcrumb"},"inLanguage":"de-AT","potentialAction":[{"@type":"ReadAction","target":["https:\/\/www.sixt.at\/magazine\/sixt-services\/"]}]},{"@type":"ImageObject","inLanguage":"de-AT","@id":"https:\/\/www.sixt.at\/magazine\/sixt-services\/#primaryimage","url":"https:\/\/www.sixt.de\/magazine\/wp-content\/uploads\/\/sites\/2\/2023\/02\/Facebook-Crop-56567603_22-1024x536.jpg","contentUrl":"https:\/\/www.sixt.de\/magazine\/wp-content\/uploads\/\/sites\/2\/2023\/02\/Facebook-Crop-56567603_22-1024x536.jpg"},{"@type":"BreadcrumbList","@id":"https:\/\/www.sixt.at\/magazine\/sixt-services\/#breadcrumb","itemListElement":[{"@type":"ListItem","position":1,"name":"Startseite","item":"https:\/\/www.sixt.at\/magazine\/"},{"@type":"ListItem","position":2,"name":"SIXT Services"}]},{"@type":"WebSite","@id":"https:\/\/www.sixt.at\/magazine\/#website","url":"https:\/\/www.sixt.at\/magazine\/","name":"Sixt Magazin","description":"Ratgeber &amp; Reisetipps deines Mobilit\u00e4tspartners SIXT","potentialAction":[{"@type":"SearchAction","target":{"@type":"EntryPoint","urlTemplate":"https:\/\/www.sixt.at\/magazine\/?s={search_term_string}"},"query-input":{"@type":"PropertyValueSpecification","valueRequired":true,"valueName":"search_term_string"}}],"inLanguage":"de-AT"}]}},"_links":{"self":[{"href":"https:\/\/www.sixt.at\/magazine\/wp-json\/wp\/v2\/pages\/836","targetHints":{"allow":["GET"]}}],"collection":[{"href":"https:\/\/www.sixt.at\/magazine\/wp-json\/wp\/v2\/pages"}],"about":[{"href":"https:\/\/www.sixt.at\/magazine\/wp-json\/wp\/v2\/types\/page"}],"author":[{"embeddable":true,"href":"https:\/\/www.sixt.at\/magazine\/wp-json\/wp\/v2\/users\/22"}],"replies":[{"embeddable":true,"href":"https:\/\/www.sixt.at\/magazine\/wp-json\/wp\/v2\/comments?post=836"}],"version-history":[{"count":0,"href":"https:\/\/www.sixt.at\/magazine\/wp-json\/wp\/v2\/pages\/836\/revisions"}],"wp:attachment":[{"href":"https:\/\/www.sixt.at\/magazine\/wp-json\/wp\/v2\/media?parent=836"}],"curies":[{"name":"wp","href":"https:\/\/api.w.org\/{rel}","templated":true}]}}